{"id":1439,"date":"2025-04-09T11:42:01","date_gmt":"2025-04-09T14:42:01","guid":{"rendered":"https:\/\/doveresearch.org\/?page_id=1439"},"modified":"2025-06-17T14:53:05","modified_gmt":"2025-06-17T17:53:05","slug":"estudos-de-coorte-de-nascimentos-de-pelotas","status":"publish","type":"page","link":"https:\/\/doveresearch.org\/pt\/estudos-de-coorte-de-nascimentos-de-pelotas\/","title":{"rendered":"Estudos de Coorte de Nascimentos de Pelotas"},"content":{"rendered":"<p><img loading=\"lazy\" decoding=\"async\" class=\"alignnone wp-image-1621 size-full\" src=\"https:\/\/doveresearch.org\/wp-content\/uploads\/2025\/06\/Imagem-para-o-site-2.jpg\" alt=\"\" width=\"4379\" height=\"2920\" srcset=\"https:\/\/doveresearch.org\/wp-content\/uploads\/2025\/06\/Imagem-para-o-site-2.jpg 4379w, https:\/\/doveresearch.org\/wp-content\/uploads\/2025\/06\/Imagem-para-o-site-2-300x200.jpg 300w, https:\/\/doveresearch.org\/wp-content\/uploads\/2025\/06\/Imagem-para-o-site-2-1024x683.jpg 1024w, https:\/\/doveresearch.org\/wp-content\/uploads\/2025\/06\/Imagem-para-o-site-2-768x512.jpg 768w, https:\/\/doveresearch.org\/wp-content\/uploads\/2025\/06\/Imagem-para-o-site-2-1536x1024.jpg 1536w, https:\/\/doveresearch.org\/wp-content\/uploads\/2025\/06\/Imagem-para-o-site-2-2048x1366.jpg 2048w\" sizes=\"auto, (max-width: 4379px) 100vw, 4379px\" \/><\/p>\n<p>Os Estudos de Coorte de Nascimentos de Pelotas s\u00e3o quatro dos maiores e mais longos estudos longitudinais do Sul Global. Eles incluem mais de 20.000 participantes e suas fam\u00edlias, abrangendo mais de quatro d\u00e9cadas de coleta de dados. O primeiro estudo teve como objetivo recrutar todas as crian\u00e7as nascidas na cidade de Pelotas, no sul do Brasil, em 1982. Das 6.011 crian\u00e7as eleg\u00edveis, 5.914 (98%) foram inclu\u00eddas e avaliadas repetidamente desde a inf\u00e2ncia at\u00e9 a idade adulta. Coortes subsequentes foram iniciadas com crian\u00e7as nascidas em Pelotas em 1993, 2004 e 2015, utilizando m\u00e9todos de recrutamento e acompanhamento semelhantes, o que proporciona ricas oportunidades tanto para pesquisas ao longo do ciclo de vida quanto para investiga\u00e7\u00f5es de tend\u00eancias temporais, atrav\u00e9s de um per\u00edodo no qual o Brasil experienciou grandes mudan\u00e7as sociais, econ\u00f4micas, de sa\u00fade e pol\u00edticas.<\/p>\n<p>As coortes de Pelotas incluem uma vasta gama de dados biopsicossociais provenientes de entrevistas, testes psicol\u00f3gicos, avalia\u00e7\u00f5es observacionais, exames f\u00edsicos, amostras biol\u00f3gicas e registros secund\u00e1rios vinculados. Esses dados s\u00e3o descritos de forma resumida nos artigos que tra\u00e7am os &#8220;perfis das coortes&#8221; (ver refer\u00eancias 1-10 abaixo). Os estudos s\u00e3o coordenados por uma equipe de pesquisadores do Programa de P\u00f3s-Gradua\u00e7\u00e3o em Epidemiologia da Universidade Federal de Pelotas, onde o DOVE est\u00e1 sediado. Os pesquisadores do DOVE investigam as causas e consequ\u00eancias da viol\u00eancia e t\u00f3picos relacionados nas coortes de Pelotas, e os principais resultados s\u00e3o sumarizados por tema neste site e em diversas publica\u00e7\u00f5es cient\u00edficas.<\/p>\n<p>&nbsp;<\/p>\n<p><strong>Publica\u00e7\u00f5es<\/strong><\/p>\n<ol>\n<li>Goncalves, H., Assuncao, M. C., Wehrmeister, F. C., Oliveira, I. O., Barros, F. C., Victora, C. G., . . . Menezes, A. M. (2014). Cohort profile update: The 1993 Pelotas (Brazil) birth cohort follow-up visits in adolescence. <em>International Journal of Epidemiology, 43<\/em>(4), 1082-1088. doi:10.1093\/ije\/dyu077<\/li>\n<li>Gon\u00e7alves, H., Wehrmeister, F. C., Assun\u00e7\u00e3o, M. C. F., Tovo-Rodrigues, L., Oliveira, I. O. d., Murray, J., . . . Menezes, A. M. B. (2017). Cohort Profile Update: The 1993 Pelotas (Brazil) Birth Cohort follow-up at 22 years. <em>International Journal of Epidemiology<\/em>, dyx249-dyx249. doi:10.1093\/ije\/dyx249<\/li>\n<li>Hallal, P. C., Bertoldi, A. D., Domingues, M. R., da Silveira, M. F., Demarco, F. F., da Silva, I. C. M., . . . Bassani, D. G. (2018). Cohort Profile: The 2015 Pelotas (Brazil) Birth Cohort Study. <em>International Journal of Epidemiology, 47<\/em>(4), 1048-1048h. doi:10.1093\/ije\/dyx219<\/li>\n<li>Horta, B. L., Gigante, D. P., Gon\u00e7alves, H., dos Santos Motta, J., Loret de Mola, C., Oliveira, I. O., . . . Victora, C. G. (2015). Cohort Profile Update: The 1982 Pelotas (Brazil) Birth Cohort Study. <em>International Journal of Epidemiology, 44<\/em>(2), 441-441e. doi:10.1093\/ije\/dyv017<\/li>\n<li>Murray, J., Le\u00e3o, O. A. d. A., Flores, T. R., Demarco, F. F., Tovo-Rodrigues, L., Oliveira, I. O., . . . Hallal, P. C. (2024). Cohort Profile Update: 2015 Pelotas (Brazil) Birth Cohort Study\uff0dfollow-ups from 2 to 6\u20137 years, with COVID-19 impact assessment. <em>International Journal of Epidemiology, 53<\/em>(3). doi:10.1093\/ije\/dyae048<\/li>\n<li>Santos, I. S., Barros, A. J., Matijasevich, A., Domingues, M. R., Barros, F. C., &amp; Victora, C. G. (2011). Cohort Profile: The 2004 Pelotas (Brazil) Birth Cohort Study. <em>International Journal of Epidemiology, 40<\/em>(6), 1461-1468. doi:10.1093\/ije\/dyq130<\/li>\n<li>Santos, I. S., Barros, A. J., Matijasevich, A., Zanini, R., Chrestani Cesar, M. A., Camargo-Figuera, F. A., . . . Victora, C. G. (2014). Cohort Profile Update: 2004 Pelotas (Brazil) Birth Cohort Study. Body composition, mental health and genetic assessment at the 6 years follow-up. <em>International Journal of Epidemiology, 43<\/em>(5), 1437-1437f. doi:10.1093\/ije\/dyu144<\/li>\n<li>Tovo-Rodrigues, L., Santos, I. S., Bierhals, I. O., Del-Ponte, B., Murray, J., Bielemann, R., . . . Matijasevich, A. (2023). Cohort Profile Update: 2004 Pelotas (Brazil) Birth Cohort Study follow-up during adolescent years. <em>International Journal of Epidemiology<\/em>, dyad156. doi:10.1093\/ije\/dyad156<\/li>\n<li>Victora, C. G., &amp; Barros, F. C. (2006). Cohort Profile: The 1982 Pelotas (Brazil) Birth Cohort Study. <em>International Journal of Epidemiology, 35<\/em>(2), 237-242. doi:10.1093\/ije\/dyi290<\/li>\n<li>Victora, C. G., Hallal, P. C., Ara\u00fajo, C. L., Menezes, A. M., Wells, J. C., &amp; Barros, F. C. (2008). Cohort Profile: The 1993 Pelotas (Brazil) Birth Cohort Study. <em>International Journal of Epidemiology, 37<\/em>(4), 704-709. doi:10.1093\/ije\/dym177<\/li>\n<\/ol>\n<p>&nbsp;<\/p>\n<p>&nbsp;<\/p>\n","protected":false},"excerpt":{"rendered":"<p>Os Estudos de Coorte de Nascimentos de Pelotas s\u00e3o quatro dos maiores e mais longos estudos longitudinais do Sul Global. Eles incluem mais de 20.000 participantes e suas fam\u00edlias, abrangendo mais de quatro d\u00e9cadas de coleta de dados. O primeiro estudo teve como objetivo recrutar todas as crian\u00e7as nascidas na cidade de Pelotas, no sul [&hellip;]<\/p>\n","protected":false},"author":2,"featured_media":0,"parent":0,"menu_order":0,"comment_status":"closed","ping_status":"closed","template":"page-sobre.php","meta":{"footnotes":""},"class_list":["post-1439","page","type-page","status-publish","hentry"],"acf":[],"yoast_head":"<!-- This site is optimized with the Yoast SEO plugin v26.9 - https:\/\/yoast.com\/product\/yoast-seo-wordpress\/ -->\n<title>Estudos de Coorte de Nascimentos de Pelotas - DOVE - HUMAN DEVELOPMENT AND VIOLENCE RESEARCH CENTRE<\/title>\n<meta name=\"robots\" content=\"index, follow, max-snippet:-1, max-image-preview:large, max-video-preview:-1\" \/>\n<link rel=\"canonical\" href=\"https:\/\/doveresearch.org\/pt\/estudos-de-coorte-de-nascimentos-de-pelotas\/\" \/>\n<meta property=\"og:locale\" content=\"pt_PT\" \/>\n<meta property=\"og:type\" content=\"article\" \/>\n<meta property=\"og:title\" content=\"Estudos de Coorte de Nascimentos de Pelotas - DOVE - HUMAN DEVELOPMENT AND VIOLENCE RESEARCH CENTRE\" \/>\n<meta property=\"og:description\" content=\"Os Estudos de Coorte de Nascimentos de Pelotas s\u00e3o quatro dos maiores e mais longos estudos longitudinais do Sul Global. Eles incluem mais de 20.000 participantes e suas fam\u00edlias, abrangendo mais de quatro d\u00e9cadas de coleta de dados. O primeiro estudo teve como objetivo recrutar todas as crian\u00e7as nascidas na cidade de Pelotas, no sul [&hellip;]\" \/>\n<meta property=\"og:url\" content=\"https:\/\/doveresearch.org\/pt\/estudos-de-coorte-de-nascimentos-de-pelotas\/\" \/>\n<meta property=\"og:site_name\" content=\"DOVE - HUMAN DEVELOPMENT AND VIOLENCE RESEARCH CENTRE\" \/>\n<meta property=\"article:modified_time\" content=\"2025-06-17T17:53:05+00:00\" \/>\n<meta property=\"og:image\" content=\"https:\/\/doveresearch.org\/wp-content\/uploads\/2025\/06\/Imagem-para-o-site-2.jpg\" \/>\n\t<meta property=\"og:image:width\" content=\"4379\" \/>\n\t<meta property=\"og:image:height\" content=\"2920\" \/>\n\t<meta property=\"og:image:type\" content=\"image\/jpeg\" \/>\n<meta name=\"twitter:card\" content=\"summary_large_image\" \/>\n<meta name=\"twitter:site\" content=\"@dove_research\" \/>\n<meta name=\"twitter:label1\" content=\"Est. reading time\" \/>\n\t<meta name=\"twitter:data1\" content=\"3 minutes\" \/>\n<script type=\"application\/ld+json\" class=\"yoast-schema-graph\">{\"@context\":\"https:\/\/schema.org\",\"@graph\":[{\"@type\":\"WebPage\",\"@id\":\"https:\/\/doveresearch.org\/pt\/estudos-de-coorte-de-nascimentos-de-pelotas\/\",\"url\":\"https:\/\/doveresearch.org\/pt\/estudos-de-coorte-de-nascimentos-de-pelotas\/\",\"name\":\"Estudos de Coorte de Nascimentos de Pelotas - DOVE - HUMAN DEVELOPMENT AND VIOLENCE RESEARCH CENTRE\",\"isPartOf\":{\"@id\":\"https:\/\/doveresearch.org\/#website\"},\"primaryImageOfPage\":{\"@id\":\"https:\/\/doveresearch.org\/pt\/estudos-de-coorte-de-nascimentos-de-pelotas\/#primaryimage\"},\"image\":{\"@id\":\"https:\/\/doveresearch.org\/pt\/estudos-de-coorte-de-nascimentos-de-pelotas\/#primaryimage\"},\"thumbnailUrl\":\"https:\/\/doveresearch.org\/wp-content\/uploads\/2025\/06\/Imagem-para-o-site-2.jpg\",\"datePublished\":\"2025-04-09T14:42:01+00:00\",\"dateModified\":\"2025-06-17T17:53:05+00:00\",\"breadcrumb\":{\"@id\":\"https:\/\/doveresearch.org\/pt\/estudos-de-coorte-de-nascimentos-de-pelotas\/#breadcrumb\"},\"inLanguage\":\"pt-br\",\"potentialAction\":[{\"@type\":\"ReadAction\",\"target\":[\"https:\/\/doveresearch.org\/pt\/estudos-de-coorte-de-nascimentos-de-pelotas\/\"]}]},{\"@type\":\"ImageObject\",\"inLanguage\":\"pt-br\",\"@id\":\"https:\/\/doveresearch.org\/pt\/estudos-de-coorte-de-nascimentos-de-pelotas\/#primaryimage\",\"url\":\"https:\/\/doveresearch.org\/wp-content\/uploads\/2025\/06\/Imagem-para-o-site-2.jpg\",\"contentUrl\":\"https:\/\/doveresearch.org\/wp-content\/uploads\/2025\/06\/Imagem-para-o-site-2.jpg\"},{\"@type\":\"BreadcrumbList\",\"@id\":\"https:\/\/doveresearch.org\/pt\/estudos-de-coorte-de-nascimentos-de-pelotas\/#breadcrumb\",\"itemListElement\":[{\"@type\":\"ListItem\",\"position\":1,\"name\":\"In\u00edcio\",\"item\":\"https:\/\/doveresearch.org\/pt\/\"},{\"@type\":\"ListItem\",\"position\":2,\"name\":\"Estudos de Coorte de Nascimentos de Pelotas\"}]},{\"@type\":\"WebSite\",\"@id\":\"https:\/\/doveresearch.org\/#website\",\"url\":\"https:\/\/doveresearch.org\/\",\"name\":\"DOVE - HUMAN DEVELOPMENT AND VIOLENCE RESEARCH CENTRE\",\"description\":\"Contact the DOVE team at +55 53 3284-1300 or by e-mail contact@doveresearch.org. | Address: Rua Marechal Deodoro, 1160, 3\u00ba Piso \/ Pelotas, 96020-220, Brasil\",\"potentialAction\":[{\"@type\":\"SearchAction\",\"target\":{\"@type\":\"EntryPoint\",\"urlTemplate\":\"https:\/\/doveresearch.org\/?s={search_term_string}\"},\"query-input\":{\"@type\":\"PropertyValueSpecification\",\"valueRequired\":true,\"valueName\":\"search_term_string\"}}],\"inLanguage\":\"pt-br\"}]}<\/script>\n<!-- \/ Yoast SEO plugin. -->","yoast_head_json":{"title":"Estudos de Coorte de Nascimentos de Pelotas - DOVE - HUMAN DEVELOPMENT AND VIOLENCE RESEARCH CENTRE","robots":{"index":"index","follow":"follow","max-snippet":"max-snippet:-1","max-image-preview":"max-image-preview:large","max-video-preview":"max-video-preview:-1"},"canonical":"https:\/\/doveresearch.org\/pt\/estudos-de-coorte-de-nascimentos-de-pelotas\/","og_locale":"pt_PT","og_type":"article","og_title":"Estudos de Coorte de Nascimentos de Pelotas - DOVE - HUMAN DEVELOPMENT AND VIOLENCE RESEARCH CENTRE","og_description":"Os Estudos de Coorte de Nascimentos de Pelotas s\u00e3o quatro dos maiores e mais longos estudos longitudinais do Sul Global. Eles incluem mais de 20.000 participantes e suas fam\u00edlias, abrangendo mais de quatro d\u00e9cadas de coleta de dados. O primeiro estudo teve como objetivo recrutar todas as crian\u00e7as nascidas na cidade de Pelotas, no sul [&hellip;]","og_url":"https:\/\/doveresearch.org\/pt\/estudos-de-coorte-de-nascimentos-de-pelotas\/","og_site_name":"DOVE - HUMAN DEVELOPMENT AND VIOLENCE RESEARCH CENTRE","article_modified_time":"2025-06-17T17:53:05+00:00","og_image":[{"width":4379,"height":2920,"url":"https:\/\/doveresearch.org\/wp-content\/uploads\/2025\/06\/Imagem-para-o-site-2.jpg","type":"image\/jpeg"}],"twitter_card":"summary_large_image","twitter_site":"@dove_research","twitter_misc":{"Est. reading time":"3 minutes"},"schema":{"@context":"https:\/\/schema.org","@graph":[{"@type":"WebPage","@id":"https:\/\/doveresearch.org\/pt\/estudos-de-coorte-de-nascimentos-de-pelotas\/","url":"https:\/\/doveresearch.org\/pt\/estudos-de-coorte-de-nascimentos-de-pelotas\/","name":"Estudos de Coorte de Nascimentos de Pelotas - DOVE - HUMAN DEVELOPMENT AND VIOLENCE RESEARCH CENTRE","isPartOf":{"@id":"https:\/\/doveresearch.org\/#website"},"primaryImageOfPage":{"@id":"https:\/\/doveresearch.org\/pt\/estudos-de-coorte-de-nascimentos-de-pelotas\/#primaryimage"},"image":{"@id":"https:\/\/doveresearch.org\/pt\/estudos-de-coorte-de-nascimentos-de-pelotas\/#primaryimage"},"thumbnailUrl":"https:\/\/doveresearch.org\/wp-content\/uploads\/2025\/06\/Imagem-para-o-site-2.jpg","datePublished":"2025-04-09T14:42:01+00:00","dateModified":"2025-06-17T17:53:05+00:00","breadcrumb":{"@id":"https:\/\/doveresearch.org\/pt\/estudos-de-coorte-de-nascimentos-de-pelotas\/#breadcrumb"},"inLanguage":"pt-br","potentialAction":[{"@type":"ReadAction","target":["https:\/\/doveresearch.org\/pt\/estudos-de-coorte-de-nascimentos-de-pelotas\/"]}]},{"@type":"ImageObject","inLanguage":"pt-br","@id":"https:\/\/doveresearch.org\/pt\/estudos-de-coorte-de-nascimentos-de-pelotas\/#primaryimage","url":"https:\/\/doveresearch.org\/wp-content\/uploads\/2025\/06\/Imagem-para-o-site-2.jpg","contentUrl":"https:\/\/doveresearch.org\/wp-content\/uploads\/2025\/06\/Imagem-para-o-site-2.jpg"},{"@type":"BreadcrumbList","@id":"https:\/\/doveresearch.org\/pt\/estudos-de-coorte-de-nascimentos-de-pelotas\/#breadcrumb","itemListElement":[{"@type":"ListItem","position":1,"name":"In\u00edcio","item":"https:\/\/doveresearch.org\/pt\/"},{"@type":"ListItem","position":2,"name":"Estudos de Coorte de Nascimentos de Pelotas"}]},{"@type":"WebSite","@id":"https:\/\/doveresearch.org\/#website","url":"https:\/\/doveresearch.org\/","name":"DOVE - HUMAN DEVELOPMENT AND VIOLENCE RESEARCH CENTRE","description":"Contact the DOVE team at +55 53 3284-1300 or by e-mail contact@doveresearch.org. | Address: Rua Marechal Deodoro, 1160, 3\u00ba Piso \/ Pelotas, 96020-220, Brasil","potentialAction":[{"@type":"SearchAction","target":{"@type":"EntryPoint","urlTemplate":"https:\/\/doveresearch.org\/?s={search_term_string}"},"query-input":{"@type":"PropertyValueSpecification","valueRequired":true,"valueName":"search_term_string"}}],"inLanguage":"pt-br"}]}},"_links":{"self":[{"href":"https:\/\/doveresearch.org\/pt\/wp-json\/wp\/v2\/pages\/1439","targetHints":{"allow":["GET"]}}],"collection":[{"href":"https:\/\/doveresearch.org\/pt\/wp-json\/wp\/v2\/pages"}],"about":[{"href":"https:\/\/doveresearch.org\/pt\/wp-json\/wp\/v2\/types\/page"}],"author":[{"embeddable":true,"href":"https:\/\/doveresearch.org\/pt\/wp-json\/wp\/v2\/users\/2"}],"replies":[{"embeddable":true,"href":"https:\/\/doveresearch.org\/pt\/wp-json\/wp\/v2\/comments?post=1439"}],"version-history":[{"count":5,"href":"https:\/\/doveresearch.org\/pt\/wp-json\/wp\/v2\/pages\/1439\/revisions"}],"predecessor-version":[{"id":1624,"href":"https:\/\/doveresearch.org\/pt\/wp-json\/wp\/v2\/pages\/1439\/revisions\/1624"}],"wp:attachment":[{"href":"https:\/\/doveresearch.org\/pt\/wp-json\/wp\/v2\/media?parent=1439"}],"curies":[{"name":"wp","href":"https:\/\/api.w.org\/{rel}","templated":true}]}}