{"id":1676,"date":"2025-09-30T16:11:34","date_gmt":"2025-09-30T19:11:34","guid":{"rendered":"https:\/\/doveresearch.org\/?page_id=1676"},"modified":"2026-01-09T15:14:17","modified_gmt":"2026-01-09T18:14:17","slug":"centro-colaborador-da-oms","status":"publish","type":"page","link":"https:\/\/doveresearch.org\/pt\/centro-colaborador-da-oms\/","title":{"rendered":"Centro Colaborador da OMS"},"content":{"rendered":"<h2 style=\"text-align: left;\"><\/h2>\n<p style=\"padding-left: 480px;\"><img loading=\"lazy\" decoding=\"async\" class=\"alignnone wp-image-1702\" src=\"https:\/\/doveresearch.org\/wp-content\/uploads\/2025\/10\/Logo_Dove_CC_1_1.png\" alt=\"\" width=\"250\" height=\"242\" \/><\/p>\n<p>O Centro de Pesquisas em Desenvolvimento Humano e Viol\u00eancia (DOVE) tornou-se um Centro Colaborador da OMS para a Preven\u00e7\u00e3o da Viol\u00eancia Baseada em Evid\u00eancias ao Longo do Ciclo de Vida em abril de 2025, sendo designado como o Centro Colaborador BRA 105. A OMS lidera a\u00e7\u00f5es globais para prevenir a viol\u00eancia utilizando uma abordagem de sa\u00fade p\u00fablica. A colabora\u00e7\u00e3o com a OMS reflete o compromisso do DOVE em aumentar o impacto de suas pesquisas sobre a preven\u00e7\u00e3o da viol\u00eancia por meio do desenvolvimento de pol\u00edticas baseadas em evid\u00eancias e do fortalecimento da capacidade de implementa\u00e7\u00e3o.<\/p>\n<p>O Professor Joseph Murray, diretor do DOVE, trabalhou previamente com a OMS como consultor cient\u00edfico em outros projetos: &#8220;Rede do Ciclo de Vida da OMS&#8221; (2024-atual), &#8220;Estimativa da Preval\u00eancia de Viol\u00eancia contra Crian\u00e7as&#8221; (2024-atual), &#8220;Diretrizes sobre treinamento parental para prevenir maus-tratos infantis e promover o desenvolvimento de crian\u00e7as de 0 a 17 anos&#8221; (2020-24), e &#8220;Grupo de Planejamento da Estrat\u00e9gia de Preven\u00e7\u00e3o da Viol\u00eancia&#8221; (2020-21).<\/p>\n<p>Nos pr\u00f3ximos quatro anos de colabora\u00e7\u00e3o com a OMS, o DOVE pretende fortalecer o desenvolvimento de pol\u00edticas informadas por evid\u00eancias e a defesa da preven\u00e7\u00e3o da viol\u00eancia por meio de uma s\u00e9rie de atividades, incluindo:<\/p>\n<ul>\n<li>Fornecer apoio t\u00e9cnico \u00e0 OMS sobre preven\u00e7\u00e3o da viol\u00eancia;<\/li>\n<li>Produzir novas evid\u00eancias sobre os determinantes da viol\u00eancia, incluindo insights a partir dos Estudos de Coorte de Nascimentos de Pelotas no Brasil;<\/li>\n<li>Avaliar programas de parentalidade precoce voltados para a redu\u00e7\u00e3o da agressividade da crian\u00e7a e do risco de viol\u00eancia;<\/li>\n<li>Conduzir workshops sobre preven\u00e7\u00e3o da viol\u00eancia, integrando pesquisadores, formuladores de pol\u00edticas e profissionais implementadores;<\/li>\n<li>Desenvolver um estudo de caso sobre a preven\u00e7\u00e3o da viol\u00eancia entre jovens em n\u00edvel subnacional no Brasil.<\/li>\n<\/ul>\n<p>Todas as atividades sob este acordo s\u00e3o financiadas pelo DOVE\/UFPel, garantindo independ\u00eancia e ades\u00e3o aos mais altos padr\u00f5es de integridade cient\u00edfica.<\/p>\n<p>Mais informa\u00e7\u00f5es sobre os Centros Colaboradores da OMS podem ser encontradas <u>aqui (Banco de Dados e Portal de Centros Colaboradores da OMS) <\/u>) (deve levar para: https:\/\/apps.who.int\/whocc\/Default.aspx)<\/p>\n<p>&nbsp;<\/p>\n","protected":false},"excerpt":{"rendered":"<p>O Centro de Pesquisas em Desenvolvimento Humano e Viol\u00eancia (DOVE) tornou-se um Centro Colaborador da OMS para a Preven\u00e7\u00e3o da Viol\u00eancia Baseada em Evid\u00eancias ao Longo do Ciclo de Vida em abril de 2025, sendo designado como o Centro Colaborador BRA 105. A OMS lidera a\u00e7\u00f5es globais para prevenir a viol\u00eancia utilizando uma abordagem de [&hellip;]<\/p>\n","protected":false},"author":2,"featured_media":0,"parent":0,"menu_order":0,"comment_status":"closed","ping_status":"closed","template":"page-sobre.php","meta":{"footnotes":""},"class_list":["post-1676","page","type-page","status-publish","hentry"],"acf":[],"yoast_head":"<!-- This site is optimized with the Yoast SEO plugin v26.9 - https:\/\/yoast.com\/product\/yoast-seo-wordpress\/ -->\n<title>Centro Colaborador da OMS - DOVE - HUMAN DEVELOPMENT AND VIOLENCE RESEARCH CENTRE<\/title>\n<meta name=\"robots\" content=\"index, follow, max-snippet:-1, max-image-preview:large, max-video-preview:-1\" \/>\n<link rel=\"canonical\" href=\"https:\/\/doveresearch.org\/pt\/centro-colaborador-da-oms\/\" \/>\n<meta property=\"og:locale\" content=\"pt_PT\" \/>\n<meta property=\"og:type\" content=\"article\" \/>\n<meta property=\"og:title\" content=\"Centro Colaborador da OMS - DOVE - HUMAN DEVELOPMENT AND VIOLENCE RESEARCH CENTRE\" \/>\n<meta property=\"og:description\" content=\"O Centro de Pesquisas em Desenvolvimento Humano e Viol\u00eancia (DOVE) tornou-se um Centro Colaborador da OMS para a Preven\u00e7\u00e3o da Viol\u00eancia Baseada em Evid\u00eancias ao Longo do Ciclo de Vida em abril de 2025, sendo designado como o Centro Colaborador BRA 105. A OMS lidera a\u00e7\u00f5es globais para prevenir a viol\u00eancia utilizando uma abordagem de [&hellip;]\" \/>\n<meta property=\"og:url\" content=\"https:\/\/doveresearch.org\/pt\/centro-colaborador-da-oms\/\" \/>\n<meta property=\"og:site_name\" content=\"DOVE - HUMAN DEVELOPMENT AND VIOLENCE RESEARCH CENTRE\" \/>\n<meta property=\"article:modified_time\" content=\"2026-01-09T18:14:17+00:00\" \/>\n<meta property=\"og:image\" content=\"https:\/\/doveresearch.org\/wp-content\/uploads\/2025\/10\/Logo_Dove_CC_1_1.png\" \/>\n\t<meta property=\"og:image:width\" content=\"250\" \/>\n\t<meta property=\"og:image:height\" content=\"242\" \/>\n\t<meta property=\"og:image:type\" content=\"image\/png\" \/>\n<meta name=\"twitter:card\" content=\"summary_large_image\" \/>\n<meta name=\"twitter:site\" content=\"@dove_research\" \/>\n<meta name=\"twitter:label1\" content=\"Est. reading time\" \/>\n\t<meta name=\"twitter:data1\" content=\"2 minutes\" \/>\n<script type=\"application\/ld+json\" class=\"yoast-schema-graph\">{\"@context\":\"https:\/\/schema.org\",\"@graph\":[{\"@type\":\"WebPage\",\"@id\":\"https:\/\/doveresearch.org\/pt\/centro-colaborador-da-oms\/\",\"url\":\"https:\/\/doveresearch.org\/pt\/centro-colaborador-da-oms\/\",\"name\":\"Centro Colaborador da OMS - DOVE - HUMAN DEVELOPMENT AND VIOLENCE RESEARCH CENTRE\",\"isPartOf\":{\"@id\":\"https:\/\/doveresearch.org\/#website\"},\"primaryImageOfPage\":{\"@id\":\"https:\/\/doveresearch.org\/pt\/centro-colaborador-da-oms\/#primaryimage\"},\"image\":{\"@id\":\"https:\/\/doveresearch.org\/pt\/centro-colaborador-da-oms\/#primaryimage\"},\"thumbnailUrl\":\"https:\/\/doveresearch.org\/wp-content\/uploads\/2025\/10\/Logo_Dove_CC_1_1.png\",\"datePublished\":\"2025-09-30T19:11:34+00:00\",\"dateModified\":\"2026-01-09T18:14:17+00:00\",\"breadcrumb\":{\"@id\":\"https:\/\/doveresearch.org\/pt\/centro-colaborador-da-oms\/#breadcrumb\"},\"inLanguage\":\"pt-br\",\"potentialAction\":[{\"@type\":\"ReadAction\",\"target\":[\"https:\/\/doveresearch.org\/pt\/centro-colaborador-da-oms\/\"]}]},{\"@type\":\"ImageObject\",\"inLanguage\":\"pt-br\",\"@id\":\"https:\/\/doveresearch.org\/pt\/centro-colaborador-da-oms\/#primaryimage\",\"url\":\"https:\/\/doveresearch.org\/wp-content\/uploads\/2025\/10\/Logo_Dove_CC_1_1.png\",\"contentUrl\":\"https:\/\/doveresearch.org\/wp-content\/uploads\/2025\/10\/Logo_Dove_CC_1_1.png\"},{\"@type\":\"BreadcrumbList\",\"@id\":\"https:\/\/doveresearch.org\/pt\/centro-colaborador-da-oms\/#breadcrumb\",\"itemListElement\":[{\"@type\":\"ListItem\",\"position\":1,\"name\":\"In\u00edcio\",\"item\":\"https:\/\/doveresearch.org\/pt\/\"},{\"@type\":\"ListItem\",\"position\":2,\"name\":\"Centro Colaborador da OMS\"}]},{\"@type\":\"WebSite\",\"@id\":\"https:\/\/doveresearch.org\/#website\",\"url\":\"https:\/\/doveresearch.org\/\",\"name\":\"DOVE - HUMAN DEVELOPMENT AND VIOLENCE RESEARCH CENTRE\",\"description\":\"Contact the DOVE team at +55 53 3284-1300 or by e-mail contact@doveresearch.org. | Address: Rua Marechal Deodoro, 1160, 3\u00ba Piso \/ Pelotas, 96020-220, Brasil\",\"potentialAction\":[{\"@type\":\"SearchAction\",\"target\":{\"@type\":\"EntryPoint\",\"urlTemplate\":\"https:\/\/doveresearch.org\/?s={search_term_string}\"},\"query-input\":{\"@type\":\"PropertyValueSpecification\",\"valueRequired\":true,\"valueName\":\"search_term_string\"}}],\"inLanguage\":\"pt-br\"}]}<\/script>\n<!-- \/ Yoast SEO plugin. -->","yoast_head_json":{"title":"Centro Colaborador da OMS - DOVE - HUMAN DEVELOPMENT AND VIOLENCE RESEARCH CENTRE","robots":{"index":"index","follow":"follow","max-snippet":"max-snippet:-1","max-image-preview":"max-image-preview:large","max-video-preview":"max-video-preview:-1"},"canonical":"https:\/\/doveresearch.org\/pt\/centro-colaborador-da-oms\/","og_locale":"pt_PT","og_type":"article","og_title":"Centro Colaborador da OMS - DOVE - HUMAN DEVELOPMENT AND VIOLENCE RESEARCH CENTRE","og_description":"O Centro de Pesquisas em Desenvolvimento Humano e Viol\u00eancia (DOVE) tornou-se um Centro Colaborador da OMS para a Preven\u00e7\u00e3o da Viol\u00eancia Baseada em Evid\u00eancias ao Longo do Ciclo de Vida em abril de 2025, sendo designado como o Centro Colaborador BRA 105. A OMS lidera a\u00e7\u00f5es globais para prevenir a viol\u00eancia utilizando uma abordagem de [&hellip;]","og_url":"https:\/\/doveresearch.org\/pt\/centro-colaborador-da-oms\/","og_site_name":"DOVE - HUMAN DEVELOPMENT AND VIOLENCE RESEARCH CENTRE","article_modified_time":"2026-01-09T18:14:17+00:00","og_image":[{"width":250,"height":242,"url":"https:\/\/doveresearch.org\/wp-content\/uploads\/2025\/10\/Logo_Dove_CC_1_1.png","type":"image\/png"}],"twitter_card":"summary_large_image","twitter_site":"@dove_research","twitter_misc":{"Est. reading time":"2 minutes"},"schema":{"@context":"https:\/\/schema.org","@graph":[{"@type":"WebPage","@id":"https:\/\/doveresearch.org\/pt\/centro-colaborador-da-oms\/","url":"https:\/\/doveresearch.org\/pt\/centro-colaborador-da-oms\/","name":"Centro Colaborador da OMS - DOVE - HUMAN DEVELOPMENT AND VIOLENCE RESEARCH CENTRE","isPartOf":{"@id":"https:\/\/doveresearch.org\/#website"},"primaryImageOfPage":{"@id":"https:\/\/doveresearch.org\/pt\/centro-colaborador-da-oms\/#primaryimage"},"image":{"@id":"https:\/\/doveresearch.org\/pt\/centro-colaborador-da-oms\/#primaryimage"},"thumbnailUrl":"https:\/\/doveresearch.org\/wp-content\/uploads\/2025\/10\/Logo_Dove_CC_1_1.png","datePublished":"2025-09-30T19:11:34+00:00","dateModified":"2026-01-09T18:14:17+00:00","breadcrumb":{"@id":"https:\/\/doveresearch.org\/pt\/centro-colaborador-da-oms\/#breadcrumb"},"inLanguage":"pt-br","potentialAction":[{"@type":"ReadAction","target":["https:\/\/doveresearch.org\/pt\/centro-colaborador-da-oms\/"]}]},{"@type":"ImageObject","inLanguage":"pt-br","@id":"https:\/\/doveresearch.org\/pt\/centro-colaborador-da-oms\/#primaryimage","url":"https:\/\/doveresearch.org\/wp-content\/uploads\/2025\/10\/Logo_Dove_CC_1_1.png","contentUrl":"https:\/\/doveresearch.org\/wp-content\/uploads\/2025\/10\/Logo_Dove_CC_1_1.png"},{"@type":"BreadcrumbList","@id":"https:\/\/doveresearch.org\/pt\/centro-colaborador-da-oms\/#breadcrumb","itemListElement":[{"@type":"ListItem","position":1,"name":"In\u00edcio","item":"https:\/\/doveresearch.org\/pt\/"},{"@type":"ListItem","position":2,"name":"Centro Colaborador da OMS"}]},{"@type":"WebSite","@id":"https:\/\/doveresearch.org\/#website","url":"https:\/\/doveresearch.org\/","name":"DOVE - HUMAN DEVELOPMENT AND VIOLENCE RESEARCH CENTRE","description":"Contact the DOVE team at +55 53 3284-1300 or by e-mail contact@doveresearch.org. | Address: Rua Marechal Deodoro, 1160, 3\u00ba Piso \/ Pelotas, 96020-220, Brasil","potentialAction":[{"@type":"SearchAction","target":{"@type":"EntryPoint","urlTemplate":"https:\/\/doveresearch.org\/?s={search_term_string}"},"query-input":{"@type":"PropertyValueSpecification","valueRequired":true,"valueName":"search_term_string"}}],"inLanguage":"pt-br"}]}},"_links":{"self":[{"href":"https:\/\/doveresearch.org\/pt\/wp-json\/wp\/v2\/pages\/1676","targetHints":{"allow":["GET"]}}],"collection":[{"href":"https:\/\/doveresearch.org\/pt\/wp-json\/wp\/v2\/pages"}],"about":[{"href":"https:\/\/doveresearch.org\/pt\/wp-json\/wp\/v2\/types\/page"}],"author":[{"embeddable":true,"href":"https:\/\/doveresearch.org\/pt\/wp-json\/wp\/v2\/users\/2"}],"replies":[{"embeddable":true,"href":"https:\/\/doveresearch.org\/pt\/wp-json\/wp\/v2\/comments?post=1676"}],"version-history":[{"count":10,"href":"https:\/\/doveresearch.org\/pt\/wp-json\/wp\/v2\/pages\/1676\/revisions"}],"predecessor-version":[{"id":1759,"href":"https:\/\/doveresearch.org\/pt\/wp-json\/wp\/v2\/pages\/1676\/revisions\/1759"}],"wp:attachment":[{"href":"https:\/\/doveresearch.org\/pt\/wp-json\/wp\/v2\/media?parent=1676"}],"curies":[{"name":"wp","href":"https:\/\/api.w.org\/{rel}","templated":true}]}}