{"id":200,"date":"2023-03-25T17:59:45","date_gmt":"2023-03-25T20:59:45","guid":{"rendered":"https:\/\/doveresearch.local\/?page_id=200"},"modified":"2026-01-09T15:08:10","modified_gmt":"2026-01-09T18:08:10","slug":"sobre","status":"publish","type":"page","link":"https:\/\/doveresearch.org\/pt\/sobre\/","title":{"rendered":""},"content":{"rendered":"<h1 style=\"text-align: left;\">Centro de Pesquisa DOVE<\/h1>\n<p><img loading=\"lazy\" decoding=\"async\" class=\"alignnone wp-image-1452 size-full\" src=\"https:\/\/doveresearch.org\/wp-content\/uploads\/2025\/04\/Equipe-1.jpg\" alt=\"\" width=\"5000\" height=\"3333\" srcset=\"https:\/\/doveresearch.org\/wp-content\/uploads\/2025\/04\/Equipe-1.jpg 5000w, https:\/\/doveresearch.org\/wp-content\/uploads\/2025\/04\/Equipe-1-300x200.jpg 300w, https:\/\/doveresearch.org\/wp-content\/uploads\/2025\/04\/Equipe-1-1024x683.jpg 1024w, https:\/\/doveresearch.org\/wp-content\/uploads\/2025\/04\/Equipe-1-768x512.jpg 768w, https:\/\/doveresearch.org\/wp-content\/uploads\/2025\/04\/Equipe-1-1536x1024.jpg 1536w, https:\/\/doveresearch.org\/wp-content\/uploads\/2025\/04\/Equipe-1-2048x1365.jpg 2048w\" sizes=\"auto, (max-width: 5000px) 100vw, 5000px\" \/><\/p>\n<p>&nbsp;<\/p>\n<p style=\"text-align: left;\">Estudamos o desenvolvimento psicossocial de crian\u00e7as e as causas, consequ\u00eancias e preven\u00e7\u00e3o da viol\u00eancia. Investigamos como o cuidado acolhedor desde o in\u00edcio da vida protege e apoia o desenvolvimento infantil, e como a adversidade impacta as trajet\u00f3rias de vida das crian\u00e7as. Em especial, analisamos o impacto da viol\u00eancia contra a crian\u00e7a e o desenvolvimento de comportamentos agressivos desde a inf\u00e2ncia at\u00e9 a adolesc\u00eancia e idade adulta. Avaliamos tamb\u00e9m a efic\u00e1cia de interven\u00e7\u00f5es para promover o desenvolvimento psicossocial saud\u00e1vel e prevenir viol\u00eancia. O Centro utiliza teorias e m\u00e9todos da epidemiologia, psicologia, criminologia, psiquiatria, biologia e sociologia para conduzir projetos de pesquisa multidisciplinares.<\/p>\n<p>O DOVE se tornou um Centro Colaborador da OMS para a Preven\u00e7\u00e3o da Viol\u00eancia Baseada em Evid\u00eancias ao Longo do Ciclo de Vida em abril de 2025, com o objetivo de fortalecer o desenvolvimento de pol\u00edticas informadas por evid\u00eancias e a promo\u00e7\u00e3o da preven\u00e7\u00e3o da viol\u00eancia por meio de uma s\u00e9rie de atividades chave detalhadas aqui (link para a aba WHO CC).<\/p>\n<p style=\"text-align: left;\">Nossas pesquisas t\u00eam por base, principalmente, quatro estudos de coortes de nascimento de grande porte, incluindo 20 mil pessoas nascidas na cidade de Pelotas, no sul do Brasil, nos anos de 1982, 1993, 2004 e 2015, coordenados pelo Programa de P\u00f3s-Gradua\u00e7\u00e3o em Epidemiologia da Universidade Federal de Pelotas.<\/p>\n<div id=\"attachment_1526\" style=\"width: 310px\" class=\"wp-caption alignright\"><img loading=\"lazy\" decoding=\"async\" aria-describedby=\"caption-attachment-1526\" class=\"wp-image-1526 size-medium\" title=\"Joseph Murray, diretor DOVE \" src=\"https:\/\/doveresearch.org\/wp-content\/uploads\/2025\/04\/255A1132-2-300x300.jpg\" alt=\"Joseph Murray, diretor DOVE \" width=\"300\" height=\"300\" srcset=\"https:\/\/doveresearch.org\/wp-content\/uploads\/2025\/04\/255A1132-2-300x300.jpg 300w, https:\/\/doveresearch.org\/wp-content\/uploads\/2025\/04\/255A1132-2-1024x1024.jpg 1024w, https:\/\/doveresearch.org\/wp-content\/uploads\/2025\/04\/255A1132-2-150x150.jpg 150w, https:\/\/doveresearch.org\/wp-content\/uploads\/2025\/04\/255A1132-2-768x768.jpg 768w, https:\/\/doveresearch.org\/wp-content\/uploads\/2025\/04\/255A1132-2-1536x1536.jpg 1536w, https:\/\/doveresearch.org\/wp-content\/uploads\/2025\/04\/255A1132-2-2048x2048.jpg 2048w\" sizes=\"auto, (max-width: 300px) 100vw, 300px\" \/><p id=\"caption-attachment-1526\" class=\"wp-caption-text\">Joseph Murray, diretor DOVE<\/p><\/div>\n<p style=\"text-align: left;\">Esses s\u00e3o os maiores e mais longos estudos longitudinais em curso em pa\u00edses em desenvolvimento. Desde o in\u00edcio da primeira coorte at\u00e9 a \u00faltima, as taxas de viol\u00eancia na cidade aumentaram consideravelmente. Utilizamos medidas coletadas periodicamente nas coortes de Pelotas para investigar tend\u00eancias temporais al\u00e9m das trajet\u00f3rias individuais ao longo da vida.<\/p>\n<p style=\"text-align: left;\">O DOVE Research Centre tem suporte financeiro, principalmente, da ag\u00eancia Wellcome Trust, no Reino Unido, com projetos individuais financiados por uma s\u00e9rie de organiza\u00e7\u00f5es brasileiras e internacionais.<\/p>\n<p>&nbsp;<\/p>\n","protected":false},"excerpt":{"rendered":"<p>Centro de Pesquisa DOVE &nbsp; Estudamos o desenvolvimento psicossocial de crian\u00e7as e as causas, consequ\u00eancias e preven\u00e7\u00e3o da viol\u00eancia. Investigamos como o cuidado acolhedor desde o in\u00edcio da vida protege e apoia o desenvolvimento infantil, e como a adversidade impacta as trajet\u00f3rias de vida das crian\u00e7as. Em especial, analisamos o impacto da viol\u00eancia contra a [&hellip;]<\/p>\n","protected":false},"author":1,"featured_media":0,"parent":0,"menu_order":0,"comment_status":"closed","ping_status":"closed","template":"page-sobre.php","meta":{"footnotes":""},"class_list":["post-200","page","type-page","status-publish","hentry"],"acf":[],"yoast_head":"<!-- This site is optimized with the Yoast SEO plugin v26.9 - https:\/\/yoast.com\/product\/yoast-seo-wordpress\/ -->\n<title>- DOVE - HUMAN DEVELOPMENT AND VIOLENCE RESEARCH CENTRE<\/title>\n<meta name=\"robots\" content=\"index, follow, max-snippet:-1, max-image-preview:large, max-video-preview:-1\" \/>\n<link rel=\"canonical\" href=\"https:\/\/doveresearch.org\/pt\/sobre\/\" \/>\n<meta property=\"og:locale\" content=\"pt_PT\" \/>\n<meta property=\"og:type\" content=\"article\" \/>\n<meta property=\"og:title\" content=\"- DOVE - HUMAN DEVELOPMENT AND VIOLENCE RESEARCH CENTRE\" \/>\n<meta property=\"og:description\" content=\"Centro de Pesquisa DOVE &nbsp; Estudamos o desenvolvimento psicossocial de crian\u00e7as e as causas, consequ\u00eancias e preven\u00e7\u00e3o da viol\u00eancia. Investigamos como o cuidado acolhedor desde o in\u00edcio da vida protege e apoia o desenvolvimento infantil, e como a adversidade impacta as trajet\u00f3rias de vida das crian\u00e7as. Em especial, analisamos o impacto da viol\u00eancia contra a [&hellip;]\" \/>\n<meta property=\"og:url\" content=\"https:\/\/doveresearch.org\/pt\/sobre\/\" \/>\n<meta property=\"og:site_name\" content=\"DOVE - HUMAN DEVELOPMENT AND VIOLENCE RESEARCH CENTRE\" \/>\n<meta property=\"article:modified_time\" content=\"2026-01-09T18:08:10+00:00\" \/>\n<meta property=\"og:image\" content=\"https:\/\/doveresearch.org\/wp-content\/uploads\/2025\/04\/Equipe-1-1024x683.jpg\" \/>\n\t<meta property=\"og:image:width\" content=\"1024\" \/>\n\t<meta property=\"og:image:height\" content=\"683\" \/>\n\t<meta property=\"og:image:type\" content=\"image\/jpeg\" \/>\n<meta name=\"twitter:card\" content=\"summary_large_image\" \/>\n<meta name=\"twitter:site\" content=\"@dove_research\" \/>\n<meta name=\"twitter:label1\" content=\"Est. reading time\" \/>\n\t<meta name=\"twitter:data1\" content=\"2 minutes\" \/>\n<script type=\"application\/ld+json\" class=\"yoast-schema-graph\">{\"@context\":\"https:\/\/schema.org\",\"@graph\":[{\"@type\":\"WebPage\",\"@id\":\"https:\/\/doveresearch.org\/pt\/sobre\/\",\"url\":\"https:\/\/doveresearch.org\/pt\/sobre\/\",\"name\":\"- DOVE - HUMAN DEVELOPMENT AND VIOLENCE RESEARCH CENTRE\",\"isPartOf\":{\"@id\":\"https:\/\/doveresearch.org\/#website\"},\"primaryImageOfPage\":{\"@id\":\"https:\/\/doveresearch.org\/pt\/sobre\/#primaryimage\"},\"image\":{\"@id\":\"https:\/\/doveresearch.org\/pt\/sobre\/#primaryimage\"},\"thumbnailUrl\":\"https:\/\/doveresearch.org\/wp-content\/uploads\/2025\/04\/Equipe-1.jpg\",\"datePublished\":\"2023-03-25T20:59:45+00:00\",\"dateModified\":\"2026-01-09T18:08:10+00:00\",\"inLanguage\":\"pt-br\",\"potentialAction\":[{\"@type\":\"ReadAction\",\"target\":[\"https:\/\/doveresearch.org\/pt\/sobre\/\"]}]},{\"@type\":\"ImageObject\",\"inLanguage\":\"pt-br\",\"@id\":\"https:\/\/doveresearch.org\/pt\/sobre\/#primaryimage\",\"url\":\"https:\/\/doveresearch.org\/wp-content\/uploads\/2025\/04\/Equipe-1.jpg\",\"contentUrl\":\"https:\/\/doveresearch.org\/wp-content\/uploads\/2025\/04\/Equipe-1.jpg\"},{\"@type\":\"WebSite\",\"@id\":\"https:\/\/doveresearch.org\/#website\",\"url\":\"https:\/\/doveresearch.org\/\",\"name\":\"DOVE - HUMAN DEVELOPMENT AND VIOLENCE RESEARCH CENTRE\",\"description\":\"Contact the DOVE team at +55 53 3284-1300 or by e-mail contact@doveresearch.org. | Address: Rua Marechal Deodoro, 1160, 3\u00ba Piso \/ Pelotas, 96020-220, Brasil\",\"potentialAction\":[{\"@type\":\"SearchAction\",\"target\":{\"@type\":\"EntryPoint\",\"urlTemplate\":\"https:\/\/doveresearch.org\/?s={search_term_string}\"},\"query-input\":{\"@type\":\"PropertyValueSpecification\",\"valueRequired\":true,\"valueName\":\"search_term_string\"}}],\"inLanguage\":\"pt-br\"}]}<\/script>\n<!-- \/ Yoast SEO plugin. -->","yoast_head_json":{"title":"- DOVE - HUMAN DEVELOPMENT AND VIOLENCE RESEARCH CENTRE","robots":{"index":"index","follow":"follow","max-snippet":"max-snippet:-1","max-image-preview":"max-image-preview:large","max-video-preview":"max-video-preview:-1"},"canonical":"https:\/\/doveresearch.org\/pt\/sobre\/","og_locale":"pt_PT","og_type":"article","og_title":"- DOVE - HUMAN DEVELOPMENT AND VIOLENCE RESEARCH CENTRE","og_description":"Centro de Pesquisa DOVE &nbsp; Estudamos o desenvolvimento psicossocial de crian\u00e7as e as causas, consequ\u00eancias e preven\u00e7\u00e3o da viol\u00eancia. Investigamos como o cuidado acolhedor desde o in\u00edcio da vida protege e apoia o desenvolvimento infantil, e como a adversidade impacta as trajet\u00f3rias de vida das crian\u00e7as. Em especial, analisamos o impacto da viol\u00eancia contra a [&hellip;]","og_url":"https:\/\/doveresearch.org\/pt\/sobre\/","og_site_name":"DOVE - HUMAN DEVELOPMENT AND VIOLENCE RESEARCH CENTRE","article_modified_time":"2026-01-09T18:08:10+00:00","og_image":[{"width":1024,"height":683,"url":"https:\/\/doveresearch.org\/wp-content\/uploads\/2025\/04\/Equipe-1-1024x683.jpg","type":"image\/jpeg"}],"twitter_card":"summary_large_image","twitter_site":"@dove_research","twitter_misc":{"Est. reading time":"2 minutes"},"schema":{"@context":"https:\/\/schema.org","@graph":[{"@type":"WebPage","@id":"https:\/\/doveresearch.org\/pt\/sobre\/","url":"https:\/\/doveresearch.org\/pt\/sobre\/","name":"- DOVE - HUMAN DEVELOPMENT AND VIOLENCE RESEARCH CENTRE","isPartOf":{"@id":"https:\/\/doveresearch.org\/#website"},"primaryImageOfPage":{"@id":"https:\/\/doveresearch.org\/pt\/sobre\/#primaryimage"},"image":{"@id":"https:\/\/doveresearch.org\/pt\/sobre\/#primaryimage"},"thumbnailUrl":"https:\/\/doveresearch.org\/wp-content\/uploads\/2025\/04\/Equipe-1.jpg","datePublished":"2023-03-25T20:59:45+00:00","dateModified":"2026-01-09T18:08:10+00:00","inLanguage":"pt-br","potentialAction":[{"@type":"ReadAction","target":["https:\/\/doveresearch.org\/pt\/sobre\/"]}]},{"@type":"ImageObject","inLanguage":"pt-br","@id":"https:\/\/doveresearch.org\/pt\/sobre\/#primaryimage","url":"https:\/\/doveresearch.org\/wp-content\/uploads\/2025\/04\/Equipe-1.jpg","contentUrl":"https:\/\/doveresearch.org\/wp-content\/uploads\/2025\/04\/Equipe-1.jpg"},{"@type":"WebSite","@id":"https:\/\/doveresearch.org\/#website","url":"https:\/\/doveresearch.org\/","name":"DOVE - HUMAN DEVELOPMENT AND VIOLENCE RESEARCH CENTRE","description":"Contact the DOVE team at +55 53 3284-1300 or by e-mail contact@doveresearch.org. | Address: Rua Marechal Deodoro, 1160, 3\u00ba Piso \/ Pelotas, 96020-220, Brasil","potentialAction":[{"@type":"SearchAction","target":{"@type":"EntryPoint","urlTemplate":"https:\/\/doveresearch.org\/?s={search_term_string}"},"query-input":{"@type":"PropertyValueSpecification","valueRequired":true,"valueName":"search_term_string"}}],"inLanguage":"pt-br"}]}},"_links":{"self":[{"href":"https:\/\/doveresearch.org\/pt\/wp-json\/wp\/v2\/pages\/200","targetHints":{"allow":["GET"]}}],"collection":[{"href":"https:\/\/doveresearch.org\/pt\/wp-json\/wp\/v2\/pages"}],"about":[{"href":"https:\/\/doveresearch.org\/pt\/wp-json\/wp\/v2\/types\/page"}],"author":[{"embeddable":true,"href":"https:\/\/doveresearch.org\/pt\/wp-json\/wp\/v2\/users\/1"}],"replies":[{"embeddable":true,"href":"https:\/\/doveresearch.org\/pt\/wp-json\/wp\/v2\/comments?post=200"}],"version-history":[{"count":45,"href":"https:\/\/doveresearch.org\/pt\/wp-json\/wp\/v2\/pages\/200\/revisions"}],"predecessor-version":[{"id":1754,"href":"https:\/\/doveresearch.org\/pt\/wp-json\/wp\/v2\/pages\/200\/revisions\/1754"}],"wp:attachment":[{"href":"https:\/\/doveresearch.org\/pt\/wp-json\/wp\/v2\/media?parent=200"}],"curies":[{"name":"wp","href":"https:\/\/api.w.org\/{rel}","templated":true}]}}